{"id":11433,"date":"2024-07-11T07:29:07","date_gmt":"2024-07-11T10:29:07","guid":{"rendered":"https:\/\/cepral.coop\/main\/?page_id=11433"},"modified":"2024-07-11T07:29:07","modified_gmt":"2024-07-11T10:29:07","slug":"adhesion-a-debito-automatico","status":"publish","type":"page","link":"https:\/\/cepral.coop\/main\/adhesion-a-debito-automatico\/","title":{"rendered":"ADHESION A DEBITO AUTOMATICO"},"content":{"rendered":"<h2><span style=\"color: #ff00ff;\"><strong><a style=\"color: #ff00ff;\" href=\"https:\/\/cepral.coop\/main\/wp-content\/uploads\/2024\/07\/Formulario-de-Adhesion-a-Debito-Automatico-1.pdf\">Formulario de Adhesi\u00f3n a D\u00e9bito Autom\u00e1tico<\/a><\/strong><\/span><\/h2>\n","protected":false},"excerpt":{"rendered":"<p>Formulario de Adhesi\u00f3n a D\u00e9bito Autom\u00e1tico<\/p>\n","protected":false},"author":3,"featured_media":0,"parent":0,"menu_order":0,"comment_status":"closed","ping_status":"closed","template":"","meta":{"footnotes":""},"class_list":["post-11433","page","type-page","status-publish","hentry"],"_links":{"self":[{"href":"https:\/\/cepral.coop\/main\/wp-json\/wp\/v2\/pages\/11433","targetHints":{"allow":["GET"]}}],"collection":[{"href":"https:\/\/cepral.coop\/main\/wp-json\/wp\/v2\/pages"}],"about":[{"href":"https:\/\/cepral.coop\/main\/wp-json\/wp\/v2\/types\/page"}],"author":[{"embeddable":true,"href":"https:\/\/cepral.coop\/main\/wp-json\/wp\/v2\/users\/3"}],"replies":[{"embeddable":true,"href":"https:\/\/cepral.coop\/main\/wp-json\/wp\/v2\/comments?post=11433"}],"version-history":[{"count":0,"href":"https:\/\/cepral.coop\/main\/wp-json\/wp\/v2\/pages\/11433\/revisions"}],"wp:attachment":[{"href":"https:\/\/cepral.coop\/main\/wp-json\/wp\/v2\/media?parent=11433"}],"curies":[{"name":"wp","href":"https:\/\/api.w.org\/{rel}","templated":true}]}}